{"id":4,"date":"2011-12-13T14:11:21","date_gmt":"2011-12-13T14:11:21","guid":{"rendered":"https:\/\/jovicadjurdjic.com\/?page_id=4"},"modified":"2026-04-08T10:55:30","modified_gmt":"2026-04-08T09:55:30","slug":"naslovna__trashed","status":"publish","type":"page","link":"https:\/\/jovicadjurdjic.com\/","title":{"rendered":""},"content":{"rendered":"<p style=\"text-align: justify;\" align=\"JUSTIFY\"><strong><span class=\"prettyspan\"><a href=\"http:\/\/jovicadjurdjic.com\/wp-content\/uploads\/2024\/03\/Jovica-1.jpg\"><img loading=\"lazy\" class=\"wp-image-3255 alignleft\" title=\"Jovica2\" src=\"http:\/\/jovicadjurdjic.com\/wp-content\/uploads\/2024\/03\/Jovica-1-212x300.jpg\" alt=\"\" width=\"222\" height=\"316\" \/><\/a><\/span><span class=\"prettyspan\">JOVICA <\/span> \u0110UR\u0110I\u0106<\/strong> ro\u0111en je 3. 10. 1949. u Glogovici blizu Dervente i Doboja, Republika Srpska. Prozni pisac i pesnik. Diplomirao na Pedago\u0161kom fakultetu u Rijeci. \u010clan udru\u017eenja knji\u017eevnika Srbije i Udu\u017eenja knji\u017eevnika Srpske.<\/p>\n<p><span class=\"prettyspan\">Autor<\/span> knjiga poezije i proze za decu i odrasle \u010ditaoce. Objavljivao u mnogim listovima i \u010dasopisima. Pojedini radovi su mu prevo\u0111eni na strane jezike kao \u0161to su engleski, ruski, francuski, \u0161panski, italijanski, poljski, \u010de\u0161ki, slovena\u010dki, makedonski itd. Izbor poezije \u201dZvezde na uzglavlju\u201d objavljen je kao bibliofilsko izdanje sa dvanaest pesama prevedenih na dvadeset stranih jezika i slikama Olje Ivanjicki.<\/p>\n<p>Jovica \u0110ur\u0111i\u0107 ulazi u zgradu na\u0161e literature posve tiho sa skromno\u0161\u0107u i dostojanstvom pesnika kome je stalo do te zgrade u kojoj se, pored nebrojenih eksperimentatora i plitkoumnih \u0161krabala, nalaze i osvedo\u010deni stvaraoci kojima je stalo do umetnosti i \u017eivota, do \u010doveka u \u017eivotu koji tu umetnost inspiri\u0161e. Po\u0161tovalac re\u010di i jasnog izraza, \u010diste misli i nenatrunjenog ose\u0107anja, \u0110ur\u0111i\u0107 (&#8230;) nudi poeziju mladosti u kojoj ljubav zauzima prvo i prevashodno mesto (<em>Tode \u010colak<\/em>).<\/p>\n<p>Objavljene knjige:<\/p>\n<p><strong>USNULA DEVOJKA<\/strong>, pesme, Svjetlost, Sarajevo, 1974,<\/p>\n<p><strong>LARISA<\/strong>, pesme, Rije\u010dko knji\u017eevno dru\u0161tvo, Rijeka, 1974,<\/p>\n<p><strong>LJUBI\u010cASTO GORJE<\/strong>, pesme, Svjetlost, Sarajevo, 1976,<\/p>\n<p><strong>SANAK SKLOPIO\u010cI\u0106<\/strong>, pri\u010de za decu, Otokar Ker\u0161ovani, Rijeka, 1983,<\/p>\n<p><strong>KAKO VOLIM ANU<\/strong>, pesme za decu, Izdava\u010dki centar Rijeka, 1983,<\/p>\n<p><strong>RUKE VE\u010cERNJIH LJUBAVNIKA<\/strong>, pesme, Izdava\u010dki centar Rijeka, Rijeka, 1984,<\/p>\n<p><strong>LJUPKO TELO<\/strong>, pesme, Partizanska knjiga, Ljubljana, 1985,<\/p>\n<p><strong>KO\u0160UTA I LOPO\u010cI, (THE ROE AND WATER LILIES)<\/strong>, dvojezi\u010dno srpski i engleski, pesme, Vikend knjiga, Beograd, 2000,<\/p>\n<p><strong>ISTRGNUTI RUKOPIS<\/strong>, pesme, Interpress, Beograd, 2004,<\/p>\n<p><strong>NJENE O\u010cI MORE<\/strong>, pesme, bibliofilsko izdanje (21 primerak), Knji\u017eevni atelje Art, Malinska, 2004),<\/p>\n<p><strong>\u017dIRAFA \u017dERALDINA<\/strong>, pesme za decu, prvo izdanje Ars Poetica, Beograd, 2005., a drugo 2006. godine,<\/p>\n<p><strong>SIMONINE O\u010cI<\/strong>, pri\u010de za decu, prvo izdanje, Bookland, Beograd, 2006., drugo izdanje Ars Poetica, Beograd, 2006. godine,<\/p>\n<p><strong>LEPO JE BITI KOD KU\u0106E<\/strong>, pesme za decu, Bookland, Beograd, 2008 (\u0107irili\u010dno izdanje) Ars Poetica, Beograd, 2008. g., drugo, latini\u010dno izdanje),<\/p>\n<p><strong>ZVEZDE NA UZGLAVLJU<\/strong>, dvanaest pesama na dvadeset stranih jezika oboga\u0107enih slikama Olje Ivanjicki, Ars Poetica, Beograd, 2009,<\/p>\n<p><strong>KALINA I MORSKI KONJIC<\/strong>, pri\u010de za decu, Ars Poetica, Beograd, 2010,<\/p>\n<p><strong>LETO BEZ VERONIKE<\/strong>, pri\u010de i pesme za decu, Bookland, Beograd, 2011,<\/p>\n<p><strong>KI\u0160A I VLATI (DESZCZ I \u0179D\u0179B\u0141A)<\/strong>, izabrane i nove pesme na srpskom i poljskom jeziku,\u00a0Oficyna Wydawnicza &#8222;Agawa&#8220; Warszawa, 2012,<\/p>\n<p><strong>PEPEO ZGASLOG LETA<\/strong>, zbirka od dvadeset pet soneta, Prometej, Novi Sad, 2012,<\/p>\n<p><strong>OPOJNI MIRIS GREHA, <\/strong>pri\u010de za odrasle \u010ditaoce, Prometej, Novi Sad, 2012,<\/p>\n<p><strong>UKUS PRVIH POLJUBACA<\/strong>, roman za decu, Bookland, Beograd, 2014.,<\/p>\n<p><strong>KAJSIJE ZA HANU<\/strong>, roman za decu, Bookland, Beograd, 2015.,<\/p>\n<p><strong>NE\u017dNE GODINE<\/strong>, pri\u010de za decu, Bookland, Beograd, 2016.,<\/p>\n<p><strong>SAN<\/strong>, pri\u010de, Prosveta, Beograd 2017.,<\/p>\n<p><strong>SREBRNA UKOSNICA<\/strong>, pri\u010de i pesme za decu, Bookland, Beograd, 2017. i<\/p>\n<p><strong>KR\u010cAG<\/strong>, pri\u010de, \u0160tampar Makarije, Beograd, 2019.<\/p>\n<p><strong>IZABRANA DELA<\/strong>, Bookland, Beograd, 2020: Ukus prvih poljubaca, Kajsije za Hanu, Leto bez Veronike, Ne\u017ene godine, Lepo je biti kod ku\u0107e, Srebrna ukosnica, Simonine o\u010di, Sanak Sklopio\u010di\u0107, Vrh ti\u0161ine, Lekovita svetlost, Pregr\u0161t vetra, \u0160openove etide i Trag.<\/p>\n<p><strong>KO TI JE UKRAO ZVEZDE IZ O\u010cIJU<\/strong>, izabrane ljubavne pesme, Knji\u017eevni atelje \u201dArs Poetica\u201d, Beograd, 2022.<\/p>\n<p><strong>AGOSTINA POD KO\u0160\u0106ELOM<\/strong>, pri\u010de, Knji\u017eevni atelje Ars Poetica, Beograd, 2023.<\/p>\n<p><strong>OSAM SLIKOVNICA ZA DECU<\/strong>: Je\u017eurko Kostja, Vragolanka, Plovidba foteljom, Pu\u017ei\u0107, Poderanko, Knji\u017eevni atelje Ars Poetica, Beograd, 2023. i Alonso i njegova barka, Cipelice ku\u0107ica za dva mi\u0161a i Cvetni kutak za Anutak, Institut za de\u010dju knji\u017eevnost, Beograd, 2023.<\/p>\n<p><strong>\u0160APAT VODE<\/strong>, pesme, Prometej, Novi Sad, 2023.<\/p>\n<p><strong>CVETNI KUTAK ZA ANUTAK, <\/strong>pesme za decu, drugo dopunjeno izdanje nakon slikovnice, Institut za de\u010dju knji\u017eevnost, Beograd, 2024.<\/p>\n<p><strong>\u0160A\u0160AVKO I KA\u0106IPERKA<\/strong>, pesme za decu, Institut za de\u010dju knji\u017eevnost, Beograd, 2026.<\/p>\n<p><strong>KAP<\/strong>, pesme, Prometej, Novi Sad, 2026.<\/p>\n<p><strong>SUSRET U BULONJSKOJ \u0160UMI<\/strong>, kratke pri\u010de, Prometej, Novi Sad, 2026.<\/p>\n<p>Dvostruki dobitnik nagrade &#8222;Drago Gervais&#8220; (\u017derve), \u00a0Zlatne zna\u010dke KPZ\u00a0Srbije, Pe\u010data varo\u0161i sremskokarlova\u010dke, Pjesma nad pjesmama, Rastko Petrovi\u0107 kao i drugih nagrada na knji\u017eevnim konkursima. Zastupljen je u mnogim antologijama i izborima poezije i proze.<\/p>\n<h6><\/h6>\n","protected":false},"excerpt":{"rendered":"<p>JOVICA \u0110UR\u0110I\u0106 ro\u0111en je 3. 10. 1949. u Glogovici blizu Dervente i Doboja, Republika Srpska. Prozni pisac i pesnik. Diplomirao na Pedago\u0161kom fakultetu u Rijeci. \u010clan udru\u017eenja knji\u017eevnika Srbije i Udu\u017eenja knji\u017eevnika Srpske. Autor knjiga poezije i proze za decu i odrasle \u010ditaoce. Objavljivao u mnogim listovima i \u010dasopisima. Pojedini radovi su mu prevo\u0111eni na strane jezike kao \u0161to su engleski, ruski, francuski, \u0161panski, italijanski, poljski, \u010de\u0161ki, slovena\u010dki, makedonski itd. Izbor poezije \u201dZvezde na uzglavlju\u201d objavljen je kao bibliofilsko izdanje <\/p>\n","protected":false},"author":1,"featured_media":3253,"parent":0,"menu_order":0,"comment_status":"open","ping_status":"open","template":"","meta":[],"aioseo_notices":[],"_links":{"self":[{"href":"https:\/\/jovicadjurdjic.com\/index.php?rest_route=\/wp\/v2\/pages\/4"}],"collection":[{"href":"https:\/\/jovicadjurdjic.com\/index.php?rest_route=\/wp\/v2\/pages"}],"about":[{"href":"https:\/\/jovicadjurdjic.com\/index.php?rest_route=\/wp\/v2\/types\/page"}],"author":[{"embeddable":true,"href":"https:\/\/jovicadjurdjic.com\/index.php?rest_route=\/wp\/v2\/users\/1"}],"replies":[{"embeddable":true,"href":"https:\/\/jovicadjurdjic.com\/index.php?rest_route=%2Fwp%2Fv2%2Fcomments&post=4"}],"version-history":[{"count":99,"href":"https:\/\/jovicadjurdjic.com\/index.php?rest_route=\/wp\/v2\/pages\/4\/revisions"}],"predecessor-version":[{"id":3306,"href":"https:\/\/jovicadjurdjic.com\/index.php?rest_route=\/wp\/v2\/pages\/4\/revisions\/3306"}],"wp:featuredmedia":[{"embeddable":true,"href":"https:\/\/jovicadjurdjic.com\/index.php?rest_route=\/wp\/v2\/media\/3253"}],"wp:attachment":[{"href":"https:\/\/jovicadjurdjic.com\/index.php?rest_route=%2Fwp%2Fv2%2Fmedia&parent=4"}],"curies":[{"name":"wp","href":"https:\/\/api.w.org\/{rel}","templated":true}]}}