{"id":6,"date":"2011-12-13T14:11:32","date_gmt":"2011-12-13T14:11:32","guid":{"rendered":"https:\/\/jovicadjurdjic.com\/?page_id=6"},"modified":"2024-12-26T10:41:47","modified_gmt":"2024-12-26T09:41:47","slug":"biografija","status":"publish","type":"page","link":"https:\/\/jovicadjurdjic.com\/?page_id=6","title":{"rendered":"HRONOLOGIJA"},"content":{"rendered":"<p>HRONOLOGIJA \u00a0\u017dIVOTA \u00a0I \u00a0RADA \u00a0JOVICE \u00a0\u0110UR\u0110I\u0106A<\/p>\n<p>1949.<br \/>\nRo\u0111en u selu Glogovica na trome\u0111i izme\u0111u\u00a0Dervente, Doboja i Modri\u010de. Majka Zorka, od Predojevi\u0107a iz Podnovlja, otac Nikola.<\/p>\n<p>1956\/1957.<br \/>\nPoha\u0111a prvi razred osnovne \u0161kole u Glogovici.<\/p>\n<p>1957\/1958, pauzira jednu godinu zbog toga \u0161to je \u0161kola u Glogovici zatvorena.<\/p>\n<p>1958\/1959, poha\u0111a drugi razred u Majevcu, a zavr\u0161ava ga u Podnovlju.<\/p>\n<p>1959\/1960, poha\u0111a tre\u0107i i \u010detvrti razred u novoj \u0161koli u Glogovici.<\/p>\n<p>1960\/1965, poha\u0111a peti, \u0161esti, sedmi i osmi razred u Podnovlju.<\/p>\n<p>1965.<br \/>\nZavr\u0161io osnovnu \u0161kolu u Podnovlju.<\/p>\n<p>1965\/1966, polazi u prvi razred Gimnazije \u201dVlado \u0160uput\u201d u Derventi koji nije zavr\u0161io. Zbog matematike, naravno.<\/p>\n<p>1966\/1967.<br \/>\nPolazi u prvi razred \u0160kole u\u010denika u privredi u Derventi. Iste godine objavljuje prvu pesmu \u201dOblaci\u201d, kao i jo\u0161 nekoliko u lokalnom listu \u201dGlas komuna\u201d u Doboju. S jo\u0161 nekoliko mladih literata osniva Literarnu dru\u017einu \u201dVihor\u201d u Derventi, koja \u0107e kasnje prerasti u knji\u017eevni klub.<\/p>\n<p>1969.<br \/>\nZavr\u0161ava srednu \u0161kolu i oko godinu dana honorarno radi kao novinar u \u201dDerventskom listu\u201d. Dobija nagradu Fonda mladih talenata pri listu \u201dBorba\u201d za vi\u0161e objavljenih pesama u istom listu.\u00a0U\u010destvuje na Smotri knji\u017eevne omladine \u201dKozara\u201d.\u00a0\u201dKnji\u017eevne novine\u201d mu objavljuju \u010detiri pesme.<br \/>\nObjavljuje zajedni\u010dku zbirku pesama \u201dVihor\u201d.<\/p>\n<p>1970.<br \/>\nOdlazi na odslu\u017eenje vojnog roka u Sentu, kra\u0107e vreme u Zuce kraj Beograda i ostatak u Po\u017earevac. Tada nastaje ve\u0107i deo njegove knjige pesama u rukopisu \u201dLarisa\u201d. Objavljuje prvu pri\u010du za decu \u201dBranka\u201d.<\/p>\n<p>1971.<br \/>\nDolazi u Rijeku da studira uz rad, gde se zapo\u0161ljava u \u201dLimobravaru\u201d, a iste godine prelazi u \u201dVoplin\u201d, gde kasnije radi kao referent za obrazovanje i dru\u0161tveni standard.<\/p>\n<p>1972.<br \/>\nUpisuje Fakultet industrijske pedagogije koji \u0107e kasnije prerasti u Pedago\u0161ki fakultet. Postaje \u010dlan knji\u017eevne grupe Komuna \u201dR\u201d u Rijeci.<\/p>\n<p>1973.<br \/>\nDobio nagradu \u201dDrago Gervais (\u017derve) za zbirku pesama u rukopisu \u201dLarisa\u201d. O\u017eenio se.<\/p>\n<p>1974.<br \/>\nUpisuje i Pedago\u0161ku akademiju i uz rad paralelno studira na dva falulteta, na Pedago\u0161koj akademiji kao redovni student, a na Pedago\u0161kom fakultetu kao vanredni.<br \/>\nPonovo dobija nagradu \u201dDrago \u017derve\u201d za zbirku pesama u rukopisu \u201dLjubi\u010dasto gorje\u201d. Objavljuje svoju prvu knjigu \u201dUsnula devojka\u201d u Sarajevu. Postaje \u010dlan Rije\u010dkog knji\u017eevnog i nau\u010dnog dru\u0161tva. Iste godine u Rijeci objavljuje knjigu pesama \u201dLarisa\u201d.<\/p>\n<p>1975.<br \/>\nPo\u010dinje ozbiljnije pisati i za decu.<\/p>\n<p>1976.<br \/>\nObjavljuje knjigu pesama \u201dLjubi\u010dasto gorje\u201d u Sarajevu.\u00a0Primljen u Udru\u017eenje knji\u017eevnika Bosne i Hercegovine.<\/p>\n<p>1977.<br \/>\nDiplomirao na prvom stepenu Pedago\u0161kog fakulteta u Rijeci. Odslu\u0161ao sva predavanja i polo\u017eio ve\u0107inu ispita na Pedago\u0161koj akademiji i odustao od diplomiranja.<\/p>\n<p>1977.<br \/>\nUpisuje drugi stepen pedagogije na Pedago\u0161kom fakultetu u Rijeci.<br \/>\nZastupljen s pjesmom \u201dO\u010di moje drage dok me ispra\u0107a\u201d u antologiji \u201dVelika tajna\u201d, Najlep\u0161e pesme o ljubavi, Pere Zupca, BMG, Beograd, 1977.<\/p>\n<p>1980.<br \/>\nDiplomirao na Pedago\u0161kom fakultetu.<br \/>\nU Kraljevu dobio zlatnik za pesmu \u201dJabuka\u201d.<\/p>\n<p>1981.<br \/>\nZapo\u0161ljava\u00a0se kao referent voditelj u Op\u0161tini Opatija. Taj posao \u0107e napustiti 1986.<\/p>\n<p>1983.<br \/>\nObjavljuje zbirku pesama za decu \u201dKako volim Anu\u201d i zbirku pri\u010da \u201cSanak Sklopio\u010di\u0107\u201d u Rijeci.<\/p>\n<p>1984.<br \/>\nObjavljuje knjigu pesama za odrasle \u010ditaoce \u201dRuke ve\u010dernjih ljubavnika\u201d.<\/p>\n<p>1985.<br \/>\nObjavljuje knjigu pesama \u201dLjupko telo\u201d.<\/p>\n<p>1986.<br \/>\nZapo\u0161ljava se u \u201dBrodomaterijalu&#8220; Rijeka kao referent ONO.\u00a0U Kraljevu dobio\u00a0kolekciju srebrnjaka za knji\u017eevni rad.<\/p>\n<p>1987.<br \/>\nZastupljen pesmom \u201dDjevoj\u010dica skuplja svoja kolena\u201d u knjizi \u201dNad Ukrinom vihor\u201d,<br \/>\nDerventa, 1987.<\/p>\n<p>1988.<br \/>\nZastupljen pesmama \u201dMasla\u010dak\u201d i \u201dBele rade\u201d u antologiji savremene bosanskohercegova\u010dke poezije za decu \u201dNezavr\u0161ena pri\u010da\u201d, Univerzal, Tuzla 1988.<\/p>\n<p>1990.<br \/>\nZastupljen s pjesmama \u201dKad su cvetovi ljubili kolena\u201d i \u201dBog ljubavi\u201d u knjizi \u201dPisana rije\u010d zavi\u010daja\u201d Kasima Derakovi\u0107a, Univerzal, Tuzla, 1990.<br \/>\n1991.<br \/>\nDobija\u00a0otkaz u \u201dBrodomaterijalu\u201d i ostaje bez posla. Udru\u017eenje knji\u017eevnika Srbije prihvata ga u status samostalnih knji\u017eevnika.<\/p>\n<p>2000.<br \/>\nObjavljuje dvojezi\u010dnu zbirku pesama \u201dKo\u0161uta i lopo\u010di\u201d (The Roe and Water Lilies).<\/p>\n<p>2001.<br \/>\nZastupljen s pesmom \u201dAnina balska haljina\u201d u zborniku \u201dVitezov festival pisaca za decu\u201d, Najlep\u0161e pesme za decu u\u010desnika festivala, Vitez 2001. Pesma skra\u0107ena i prepravljena bez saglasnosti autora.<\/p>\n<p>2002.<br \/>\nZastupljen s pesmom \u201dLjep\u0161i je svijet iznutra\u201d u antologiji srpskog pesni\u0161tva od Baranje do Boke Kotorske \u201d\u010cudesni kladenac\u201d, Srpsko kulturno dru\u0161tvo \u201dZora\u201d, Beograd, 2002.<\/p>\n<p>2004.<br \/>\nObjavljuje izbor poezije \u201dIstrgnuti rukopis\u201d.<br \/>\nObjavljuje zbirku pesama \u201dNjene o\u010di more\u201d.<br \/>\nZastupljen s pesmom \u201dDraga\u201d u zborniku Erato &#8217;04, Me\u0111unarodni institut za kni\u017eevnost, Zagreb, 2004.<\/p>\n<p>2006.<br \/>\nObjavljuje zbirku pesama za decu \u201d\u017dirafa \u017deraldina\u201d i zbirku pri\u010da \u201dSimonine o\u010di\u201d<br \/>\nZastupljen sa pesmama \u201dCrvena jabuka\u201d, \u201dLabud\u201d, \u201dDetinjstvo\u201d i \u201dO\u010di moje drage dok me ispra\u0107a\u201d u antologiji srpskog pesni\u0161tva u BiH druge polovine 20. veka, Zavod za ud\u017ebenike i nastavna sredstva, Isto\u010dno Srajevo, 2006.<\/p>\n<p>2007.<br \/>\nZastupljen sa pesmom \u201dDeda u fotelji\u201d u antologiji srpskog pesni\u0161tva za decu \u201dDete je najlep\u0161a pesma\u201d, Book&amp;Marso, Beograd, 2007.<br \/>\nZastupljen s pesmom \u201dKnji\u0161ki ma\u010dak\u201d u knjizi \u201dR\u0161umdani\u201d, Prvo slovo, Beograd, 2007.<\/p>\n<p>2008.<br \/>\nObjavljuje zbirku pesama za decu \u201dLepo je biti kod ku\u0107e\u201d.<\/p>\n<p>Kulturno-prosvetna zajednica Srbije dodeluje mu Zlatnu zna\u010dku za nesebi\u010dan, predan i dugotrajan rad i stvarala\u010dki doprinos u \u0161irenju kulture.<\/p>\n<p>2009.<br \/>\nObjavljuje zbirku pesama \u201dZvezde na uzglavlju\u201d, kao bibliofilsko izdanje sa slikama Olje Ivanjicki i prevodom dvanaest pesama na dvadeset stranih jezika.<br \/>\nZastupljen s pesmom \u201dLepo je biti kod ku\u0107e\u201d u antologiji \u201dE, ba\u0161 to!\u201d, Lektira za drugi razred osnovne \u0161kole, (Lektira 2), Zavod za ud\u017ebenike, Beograd, 2009.<br \/>\nZastupljen s pri\u010dom za decu \u201dSli\u010dice\u201d u antologiji \u201dNajkra\u0107e srpske pri\u010de za decu\u201d Zavod za ud\u017ebenike, Beograd 2009.<\/p>\n<p>Zastupljen sa dvanaest pesama u \u010dasopisu \u201dKni\u017eevno \u017eitie\u201d, Skoplje, br. 12-13, januar-februar, 2009.<\/p>\n<p>2010.<br \/>\nObjavljuje knjigu pri\u010da za decu mla\u0111eg uzrasta \u201dKalina i morski konjic\u201d, Ars Poetica, Beigrad, 2010.<\/p>\n<p>Objavljen prikaz knjige \u00a0Milosav Slavko Pe\u0161i\u0107, Put kojim se re\u0111e ide, Jovica \u0110ur\u0111i\u0107 \u201dZvezde na uzglavlju\u201d, Ars Poetica, Beograd, Mons Aures, Smederevo, 27\/2010.<\/p>\n<p>Objavljen prikaz Medise \u00a0Kolakovi\u0107 u \u010dasopisu Detinjstvo, Novi Sad, XXXVI, br. 4, zima 2010. Uto\u010di\u0161te detinjstva, Jovica \u0110ur\u0111i\u0107, Kalina i morski konjic, Ars Poetica, Beograd 2010,<\/p>\n<p>2011.<br \/>\nObjavljuje knjigu pri\u010da i pesama za decu mla\u0111eg uzrasta \u201dLeto bez Veronike\u201d<\/p>\n<p>Objavljuje pri\u010du \u201dDevojka je bila lepa\u201d u \u010dasopisu \u201dTrag\u201d, Vrbas, VII, knjiga VII, sveska XXVI, maj 2011.<\/p>\n<p>Objavljuje pesme Izli\u0161na uspomena, \u0160aputavo ve\u010de, Ki\u0161na uspavanka, Upotreba zla, Kad ruka zastane, Nebesko ogledalo i Se\u0107anje, Nova zora, Bile\u0107a-Gacko, 30\/2011.<\/p>\n<p>Redakcija \u010dasopisa \u201dAvlija\u201d iz Ro\u017eaja dodjeljuje mu Zlatnu plaketu za svojeno prvo mesto na me\u0111unarodnom konkursu za najbolju pesmu u regionu .<\/p>\n<p>Banatski kulturni centar Novo Milo\u0161evo dodeluje mu Specijalnu nagradu \u201dSima Cucu\u0107\u201d za stvarala\u0161tvo u dijaspori za knjigu \u201dKalina i morski konjic\u201d.<\/p>\n<p>2012.<\/p>\n<p>Objavljuje knjigu izabranih i novih pesama na srpskom i poljskom jeziku u prepevu G\u017eego\u017ea Latu\u0161injskog \u201dKi\u0161a i vlati&#8220; (Deszcz i \u017ad\u017ab\u0142a),\u00a0Oficyna Wydawnicza \u201dAgawa\u201d,\u00a0Var\u0161ava.<\/p>\n<p>Objavljuje knjigu od dvadeset pet soneta \u201dPepeo zgaslog leta\u201d sa izvrsnim ilustracijama Kre\u0161imira Zimoni\u0107a, Prometej, Novi Sad, 2012.<\/p>\n<p>Objavljuje knjigu pri\u010da za odrasle \u010ditaoce \u201dOpojni miris greha\u201d, Prometej, Novi Sad, 2012.<\/p>\n<p>Srpski knji\u017eevni klub \u201dVihor\u201d iz Dervente dodeluje mu Povelju Vihor 1967-2012. za op\u0161ti doprinos i formiranje \u201dVihora\u201d.<\/p>\n<p>2013.<\/p>\n<p>Zastupljen u \u201dAntologiji dramskih tekstova za decu II\u201d sa igrokazom \u201dMali mornari\u201d, Bookland, Beograd, 2013.<\/p>\n<p>Zastupljen sa tri pesme, \u201dJabuka\u201d, \u201dSlap\u201d i \u201dMore je tako mlado\u201d, u antologiji \u201d\u010cuvari vertograda\u201d, antologija srpske poezije jugoisto\u010dne Evrope, Savez Srba u Rumuniji, Temi\u0161var, 2012\/2013.<\/p>\n<p>2014.<\/p>\n<p>Objavljuje roman za decu \u201dUkus prvih poljubaca\u201d, Bookland, Beograd.<\/p>\n<p>Zastupljen u knjizi Tatjane Olui\u0107 \u201dVelik si onoliko koliko si mali\u201d s pjsmom \u201d\u017dirafa \u017deraldina\u201d, \u201dKrava \u010dudna sprava&#8220;, \u201dGodi\u0161nji odmor\u201d i pri\u010dicom \u201dSli\u010dice\u201d, Prosvjeta, Rijeka-Zagreb, 2014.<\/p>\n<p>Zastupljen u zborniku knji\u017eevnih radova \u201dZave\u0161tanja 2014\u201d Udru\u017eenja srpskih pisaca \u0160vajcarske, In\u0111ija-Cirih s pesmama: \u201dMore je tako mlado\u201d, \u201dU haljini jo\u0161 miri\u0161e lan\u201d, \u201dKad ruka zastane\u201d, \u201dZvezde na uzglavlju\u201d i \u201dLepa Cigan\u010dica iz \u0160panije\u201d.<\/p>\n<p>2015.<\/p>\n<p>Objavljuje roman za decu \u201dKajsije za Hanu\u201d, Bookland, Beograd.<\/p>\n<p>Zastupljen pesmama \u201dPozdrav prva\u010di\u0107ima, \u201dVelika tajna\u201d, \u201dBele rade\u201d, \u201d\u0110erdan od kapljica\u201d, \u201dMasla\u010dak\u201d, \u201dNeka zaraza te\u0161ka\u201d, \u201dPesma za Mili\u010din spomenar\u201d, \u201dAna u \u0161tiklama\u201d, \u201dAnine cipele\u201d, \u201d\u017delje\u201d, \u201dCveta\u201d, pri\u010dama \u201dKrivi spoj&#8220; i \u201dLeto bez Veronike\u201d u \u201dAntologiji savremenog stvarala\u0161tva za decu srpskih pisaca u rasejanju\u201d, P\u010delica, \u010ca\u010dak<\/p>\n<p>Objavljuje pri\u010de \u201dDevojka\u201d, \u201dDvogled\u201d, \u201dLeptir\u201d, \u201dStid\u201d, \u201dHaljina\u201d, \u201d\u017dena koja pla\u010de\u201d i \u201dPesma\u201d u \u010dasopisu \u201dTrag\u201d, Vrbas, br. 42, godina X, knjiga X, sveska XLII, maj 2015.<\/p>\n<p>Objavljuje pri\u010du \u201d\u010cvarak\u201d, Nova zora, Bile\u0107e-Gacko, prolje\u0107e\/ljeto\/jesen\/zima, 45\/46\/47\/48, 2015.<\/p>\n<p>Objavljuje pri\u010du \u201d\u0160uma\u201d Knji\u017eevne novine, Beograd, br. 1242 &#8211; 43, oktobar-novembar 2015.<\/p>\n<p>2016.<\/p>\n<p>Objavljuje knjigu pri\u010da za decu \u201dNe\u017ene godine\u201d, Bookland, Beograd, 2016.<\/p>\n<p>Zastupljen pesmama \u201dU haljini jo\u0161 miri\u0161e lan\u201d, \u201dDevojke\u201d i \u201dZrnca soli\u201d u zborniku poezije \u201dRazli\u010diti zajedno\u201d, u\u010desnika Festivala poezije tokom 1o godina u organizaciji Demokratske zajednice Ma\u0111ara Hrvatska Rijeka, Art-Ars, 2016.<\/p>\n<p>Zastupljen pesmama \u201dLuj \u010detrnaesti\u201d i \u201d\u0160toko\u201d u zborniku \u201dSmeh nije greh\u201d, Srpski humor i satira u regionu i dijaspori, Temi\u0161var, 2016.<\/p>\n<p>Objavljuje pri\u010du \u201dVoz koji je do\u0161ao kasno\u201d, Mons Aureus. Smederevo, br. 53, 2016.<\/p>\n<p>Objavljuje crticu \u201dKnji\u017eevna trgovina\u201d i pesme za decu Ana u \u0161tiklama, Ana, odne\u0107e te vetar, \u017delje, Kra\u0111a bakinih kola\u010da, Miris igre, \u017dabica, Stonoga koja je ustala na tri leve noge, Koje\u0161tarije i pri\u010de Lepotica iz autobusa i Srebrna ukosnica, Mons Aureus, Smederevo, br. 51, 2016.<\/p>\n<p>Objavio pesmu Krokodil, Bijela p\u010dela, Rijeka, 217\/218, maj-jun 2016.<\/p>\n<p>Objavio pri\u010du \u201dNovi \u017eivot\u201d, Ve\u010dernje novosti, Beograd, 24. jul 2016.<\/p>\n<p>2017.<\/p>\n<p>Objavljuje knjigu pri\u010da i pesama za decu \u201dSrebrna ukosnica\u201d, Bookland, Beograd, 2017.<\/p>\n<p>Objavljuje knjigu kratkih pri\u010da za odrasle \u201dSan\u201d, (\u0107irilica i latinica), Prosveta, Beograd, 2017.<\/p>\n<p>Objavljuje pri\u010du \u201dMeke senke\u201d u \u010dasopisu \u201dSrpska vila\u201d, Bijeljina, decembar 2017.<\/p>\n<p>Zastupljen \u00a0u \u201dDanici za mlade\u201d, Vukova zadu\u017ebina, s pesmom \u201dPu\u017e turista\u201d, Beograd, 2017.<\/p>\n<p>Objavljuje pri\u010du \u201dMeke senke\u201d \u00a0u \u010dasopisu \u201dStremljenja\u201d, 2017., Pri\u0161tina, Kosovska Mitrovica, 2017.<\/p>\n<p>Objavljuje pri\u010du \u201dMeke senke\u201d u \u010dasipisu Mons Aureus, Smederevo, br. 57-58, 2017.<\/p>\n<p>Objavljuje pri\u010du \u201dPti\u010dica\u201d, Ve\u010dernje novosti, Beograd, 2. april 2017.<\/p>\n<p>Objavljuje pri\u010du \u201dTara\u201d, Ve\u010dernje novosti, Beograd, 5. novembar 2017.<\/p>\n<p>Objavljuje pri\u010du \u201dSusret u Bulonjskoj \u0161umi\u201d, Ve\u010dernje novosti, Beograd, 16. decembra 2018.<\/p>\n<p>2018.<\/p>\n<p>Jovanka Stoj\u010dinovi\u0107 Nikoli\u0107, \u201dO ljubavi iz dubine predjela\u201d, Jovica \u0110ur\u0111i\u0107, \u201dSan\u201d, pri\u010de, IP \u201dProsveta\u201d, Beograd, 2017., Lu\u010da, br. 3-4, XXVII, Subotica, novembar 2018.<\/p>\n<p>Objavljuje pri\u010du \u201dSusret u Bulonjskoj \u0161umi\u201d, Ve\u010dernje novosti, Beograd, nedelja, 16. decembra 2018.<\/p>\n<p>2019.<\/p>\n<p>Zastupljen sa dve pesme \u201dDugonoge \u017ederonje\u201d i \u201dMedo i p\u010dele\u201d u \u010dasopisu \u201dDanica za mlade\u201d, \u0160kolski zabavnik za 2019. godinu, XI, Vukova zadu\u017ebina, Beograd, 2019.<\/p>\n<p>Objavio knjigu pri\u010da \u201dKr\u010dag\u201d, \u0160tampar \u041cakarije, Beograd, 2019.<\/p>\n<p>Objavljuje pri\u010du \u201dMajka&#8220;, Ve\u010dernje novosti Beograd, 1. decembar 2019.<\/p>\n<p>Objavljuje pri\u010du \u201dDoga\u0111aj u \u0161umi\u201d, Lu\u010da, Subotica, br. 2, XXVIII, maj 2019.<\/p>\n<p>Objavljuje pri\u010du \u201dSestre\u201d, Trag, Vrbas, 57, mart 2019.<\/p>\n<p>Objavljuje pri\u010du \u201dCvetna livada\u201d, Istok, Knja\u017eevac, br. 20, VI, januar-mart 2019.<\/p>\n<p>Objavljuje pri\u010du \u201dPrijateljeva k\u0107i\u201d, Bagdala, god. 62, januar-mart 2020, br. 523, Kru\u0161evac.<\/p>\n<p>2020.<\/p>\n<p>Objavljuje pri\u010du \u201dKr\u010dag\u201d, Mons Aureus, Smederevo, br. 63-64, 2020.<\/p>\n<p>Objavljuje izabrana dela u petnaest knjiga, Bookland, Beograd, 2020. Dela: Ukus prvih poljubaca, Kajsije za Hanu, Leto bez Veronike, Ne\u017ene godine, Lepo je biti kod ku\u0107e, Srebrna ukosnica, Simonine o\u010di, Sanak Sklopio\u010di\u0107, Vrh ti\u0161ine, Lekovita svetlost, Pregr\u0161t vetra, \u0160openove etide i Trag.<\/p>\n<p>2021.<\/p>\n<p>Dobio nagradu \u201dPe\u010dat varo\u0161i sremskokarlova\u010dke&#8220; za zbirke pesama \u201dVrh ti\u0161ine\u201d i \u201dLekovira svetlost\u201d, Bookland, Beogerad 2020.<\/p>\n<p>Objavio pri\u010du \u201dMilorad\u201d, Trag, XVII, knjiga XIX, sveska LXV, mart 2021, Vrbas.<\/p>\n<p>Objavio pri\u010du \u201dKo\u0161\u0107ela\u201d, Mons Aureus. Smederevo, 65-66\/2021.<\/p>\n<p>Dobio tre\u0107u nagradu za pri\u010du \u201dSneg\u201d, Rotari klub Ni\u0161 &#8211; Medijana, 2021.<\/p>\n<p>Objavio pri\u010du \u201dGolo vreme\u201d, Nova stvarnost, Banja Luka, \u00a0II, jul-septembar 2021, br. 3 i 4.<\/p>\n<p>Objavio pri\u010du \u201dSneg\u201d, Nova stvarnost, Banja Luka, \u00a0III, mart-jun 2022, br. 6 i 7.<\/p>\n<p>Zastpljen u antologiji poezije \u201d365 ljubavnih\u201d, Antologija srpske ljubavne poezije, Slu\u017ebeni glasnik, Beograd, 2021. (Pesma Poljubacm str. 342).<\/p>\n<p>2022.<\/p>\n<p>Objavio izbor poezije \u201dKo ti je ukrao zvezde iz o\u010diju\u201d, sa dodacima \u201dKalendar slova\u201d, \u201dO peziji Jovici \u0110ur\u0111i\u0107a\u201d kritike i izvodi iz kritika i desetak pojdina\u010dnih pesama od\u0161tamapnih kao razglednice \u00a0na srpskom i nekoliko stranih jezika, kao i fotografija sa pesmama. Knji\u017eevni atelje Ars Poetica, Beograd, 2022.<\/p>\n<p>2023.<\/p>\n<p>Objavio knjigu pri\u010da \u201dAgostina pod ko\u0161\u0107elom\u201d, Knji\u017eevni atelje Ars Poetica, Beograd, 2023.<\/p>\n<p>Objavio osam slikovnica za decu:<\/p>\n<p>\u201dJe\u017eurko Kostja\u201d, \u201dVragolanka\u201d, \u201dPlovidba foteljom\u201d, \u201dPu\u017ei\u0107\u201d, \u201dPoderanko\u201d, Knji\u017eevni atelje Ars Poetica, Beograd, 2023. i \u201dAlonso i njegova barka\u201d, \u201dCipelice ku\u0107ica za dva mi\u0161a\u201d i \u201dCvetni kutak za Anutak\u201d, Institut za de\u010dju knji\u017eevnost, Beograd, 2023.<\/p>\n<p>Objavio zbirku pesama \u201d\u0160apat vode\u201d, \u00a0pesme, Prometej, Novi Sad, 2023.<\/p>\n<p>Zastupljen u knjizi pri\u010da za decu \u201dKako je vrag odneo \u0161alu, zbirka \u0161aljivih pri\u010da za decu\u201d, Bookland, Beograd, 2023. koju je priredila Gordana Maleti\u0107 (pri\u010da: \u201dOljine cipelice\u201d.<\/p>\n<p>2024.<\/p>\n<p>Objavio drugo dopunjeno izdanje pesama za decu \u201dCvetni kutak za Anutak\u201d, Institut za de\u010dju knji\u017eevnost, Beograd, 2024.<\/p>\n<p>&nbsp;<\/p>\n","protected":false},"excerpt":{"rendered":"<p>HRONOLOGIJA \u00a0\u017dIVOTA \u00a0I \u00a0RADA \u00a0JOVICE \u00a0\u0110UR\u0110I\u0106A 1949. Ro\u0111en u selu Glogovica na trome\u0111i izme\u0111u\u00a0Dervente, Doboja i Modri\u010de. Majka Zorka, od Predojevi\u0107a iz Podnovlja, otac Nikola. 1956\/1957. Poha\u0111a prvi razred osnovne \u0161kole u Glogovici. 1957\/1958, pauzira jednu godinu zbog toga \u0161to je \u0161kola u Glogovici zatvorena. 1958\/1959, poha\u0111a drugi razred u Majevcu, a zavr\u0161ava ga u Podnovlju. 1959\/1960, poha\u0111a tre\u0107i i \u010detvrti razred u novoj \u0161koli u Glogovici. 1960\/1965, poha\u0111a peti, \u0161esti, sedmi i osmi razred u Podnovlju. 1965. Zavr\u0161io osnovnu <\/p>\n","protected":false},"author":1,"featured_media":0,"parent":0,"menu_order":0,"comment_status":"open","ping_status":"open","template":"","meta":[],"aioseo_notices":[],"_links":{"self":[{"href":"https:\/\/jovicadjurdjic.com\/index.php?rest_route=\/wp\/v2\/pages\/6"}],"collection":[{"href":"https:\/\/jovicadjurdjic.com\/index.php?rest_route=\/wp\/v2\/pages"}],"about":[{"href":"https:\/\/jovicadjurdjic.com\/index.php?rest_route=\/wp\/v2\/types\/page"}],"author":[{"embeddable":true,"href":"https:\/\/jovicadjurdjic.com\/index.php?rest_route=\/wp\/v2\/users\/1"}],"replies":[{"embeddable":true,"href":"https:\/\/jovicadjurdjic.com\/index.php?rest_route=%2Fwp%2Fv2%2Fcomments&post=6"}],"version-history":[{"count":72,"href":"https:\/\/jovicadjurdjic.com\/index.php?rest_route=\/wp\/v2\/pages\/6\/revisions"}],"predecessor-version":[{"id":3304,"href":"https:\/\/jovicadjurdjic.com\/index.php?rest_route=\/wp\/v2\/pages\/6\/revisions\/3304"}],"wp:attachment":[{"href":"https:\/\/jovicadjurdjic.com\/index.php?rest_route=%2Fwp%2Fv2%2Fmedia&parent=6"}],"curies":[{"name":"wp","href":"https:\/\/api.w.org\/{rel}","templated":true}]}}