{"id":8,"date":"2011-12-13T14:11:52","date_gmt":"2011-12-13T14:11:52","guid":{"rendered":"https:\/\/jovicadjurdjic.com\/?page_id=8"},"modified":"2021-05-02T09:30:22","modified_gmt":"2021-05-02T08:30:22","slug":"linkovi","status":"publish","type":"page","link":"https:\/\/jovicadjurdjic.com\/?page_id=8","title":{"rendered":"LINKOVI"},"content":{"rendered":"<p>FACEBOOK Jovica \u0110UR\u0110I\u0106:<a title=\"Facebook\" href=\"http:\/\/www.facebook.com\/profile.php?id=581355331&amp;ref=tn_tnmn\" target=\"_blank\">\u00a0http:\/\/www.facebook.com\/profile.php?id=581355331&amp;ref=tn_tnmn<\/a><\/p>\n<p>Ana Bihelovi\u0107 GRIGORJEV, ilustratorka:\u00a0<a href=\"http:\/\/www.anagrigorjev.com\">http:\/\/www.anagrigorjev.com<\/a><\/p>\n<p><a title=\"Ana Bihelovi\u0107 Grigorjev\" href=\"http:\/\/www.facebook.com\/profile.php?id=100001611814577\" target=\"_blank\">http:\/\/www.facebook.com\/profile.php?id=100001611814577<\/a><\/p>\n<p>UDRU\u017dENJE KNJI\u017dEVNIKA SRBIJE:\u00a0<a title=\"Udru\u017eenje knji\u017eevnika Srbije\" href=\"http:\/\/www.uksrbije.org.rs\/\" target=\"_blank\">http:\/\/www.uksrbije.org.rs\/<\/a><\/p>\n<p>Miro GAVRAN, knji\u017eevnik:\u00a0<a title=\"Miro GAVRAN\" href=\"http:\/\/www.mgavran2.t-com.hr\/\" target=\"_blank\">http:\/\/www.mgavran2.t-com.hr\/<\/a><\/p>\n<p>Nova Zora, knji\u017eevni \u010dasopis:\u00a0<a title=\"Nova Zora\" href=\"http:\/\/www.novazora.org.rs\/\" target=\"_blank\">http:\/\/www.novazora.org.rs\/<\/a><\/p>\n<p>Tipometar, fontovi \u0107irilice: \u00a0<a title=\"Tipometar\" href=\"http:\/\/www.tipometar.org\/cirilica\/Index.html\" target=\"_blank\">http:\/\/www.tipometar.org\/cirilica\/Index.html<\/a><\/p>\n<p><em>\u0421\u0435\u0440\u0433\u0435\u0439 \u0429\u0435\u0433\u043b\u043e\u0432<\/em>\u00a0(Sergej \u0160\u010deglov), knji\u017eevnik:\u00a0<a title=\"Sergej \u0160\u010deglov\" href=\"http:\/\/www.sceglov.ru\/actual\/?47\" target=\"_blank\">http:\/\/www.sceglov.ru\/actual\/?47<\/a><\/p>\n<p>Du\u0161an PAVLI\u0106, ilustrator:\u00a0<a title=\"Du\u0161an PAVLI\u0106\" href=\"http:\/\/duxillustrations.blogspot.com\/\" target=\"_blank\">http:\/\/duxillustrations.blogspot.com\/<\/a><\/p>\n<p>Nenad GRUJ\u010cI\u0106, knji\u017eevnik:\u00a0<a title=\"Nenad Gruji\u010di\u0107\" href=\"http:\/\/www.nenad.brankovokolo.org\/\" target=\"_blank\">http:\/\/www.nenad.brankovokolo.org\/<\/a><\/p>\n<p>Kre\u0161imir ZIMONI\u0106, ilustrator:\u00a0<a title=\"Kre\u0161imir Zimoni\u0107\" href=\"http:\/\/zimamedia.blogspot.com\/\" target=\"_blank\">http:\/\/zimamedia.blogspot.com\/<\/a><\/p>\n<p>Matica srpska:\u00a0<a title=\"Matica srpska\" href=\"http:\/\/www.maticasrpska.org.rs\/\" target=\"_blank\">http:\/\/www.maticasrpska.org.rs\/<\/a><\/p>\n<p>Bookland, izdava\u010dka ku\u0107a:\u00a0<a title=\"bookland\" href=\"http:\/\/www.bookland.rs\/\" target=\"_blank\">http:\/\/www.bookland.rs\/<\/a><\/p>\n<p>Mo\u0161o Odalovi\u0107\/\u041c\u043e\u0448\u043e \u041e\u0434\u0430\u043b\u043e\u0432\u0438\u045b:\u00a0<a href=\"http:\/\/mosoodalovic.wordpress.com\/\" target=\"_blank\">http:\/\/mosoodalovic.wordpress.com\/<\/a><\/p>\n<p>&nbsp;<\/p>\n","protected":false},"excerpt":{"rendered":"<p>FACEBOOK Jovica \u0110UR\u0110I\u0106:\u00a0http:\/\/www.facebook.com\/profile.php?id=581355331&amp;ref=tn_tnmn Ana Bihelovi\u0107 GRIGORJEV, ilustratorka:\u00a0http:\/\/www.anagrigorjev.com http:\/\/www.facebook.com\/profile.php?id=100001611814577 UDRU\u017dENJE KNJI\u017dEVNIKA SRBIJE:\u00a0http:\/\/www.uksrbije.org.rs\/ Miro GAVRAN, knji\u017eevnik:\u00a0http:\/\/www.mgavran2.t-com.hr\/ Nova Zora, knji\u017eevni \u010dasopis:\u00a0http:\/\/www.novazora.org.rs\/ Tipometar, fontovi \u0107irilice: \u00a0http:\/\/www.tipometar.org\/cirilica\/Index.html \u0421\u0435\u0440\u0433\u0435\u0439 \u0429\u0435\u0433\u043b\u043e\u0432\u00a0(Sergej \u0160\u010deglov), knji\u017eevnik:\u00a0http:\/\/www.sceglov.ru\/actual\/?47 Du\u0161an PAVLI\u0106, ilustrator:\u00a0http:\/\/duxillustrations.blogspot.com\/ Nenad GRUJ\u010cI\u0106, knji\u017eevnik:\u00a0http:\/\/www.nenad.brankovokolo.org\/ Kre\u0161imir ZIMONI\u0106, ilustrator:\u00a0http:\/\/zimamedia.blogspot.com\/ Matica srpska:\u00a0http:\/\/www.maticasrpska.org.rs\/ Bookland, izdava\u010dka ku\u0107a:\u00a0http:\/\/www.bookland.rs\/ Mo\u0161o Odalovi\u0107\/\u041c\u043e\u0448\u043e \u041e\u0434\u0430\u043b\u043e\u0432\u0438\u045b:\u00a0http:\/\/mosoodalovic.wordpress.com\/ &nbsp;<\/p>\n","protected":false},"author":1,"featured_media":0,"parent":0,"menu_order":0,"comment_status":"open","ping_status":"open","template":"","meta":[],"aioseo_notices":[],"_links":{"self":[{"href":"https:\/\/jovicadjurdjic.com\/index.php?rest_route=\/wp\/v2\/pages\/8"}],"collection":[{"href":"https:\/\/jovicadjurdjic.com\/index.php?rest_route=\/wp\/v2\/pages"}],"about":[{"href":"https:\/\/jovicadjurdjic.com\/index.php?rest_route=\/wp\/v2\/types\/page"}],"author":[{"embeddable":true,"href":"https:\/\/jovicadjurdjic.com\/index.php?rest_route=\/wp\/v2\/users\/1"}],"replies":[{"embeddable":true,"href":"https:\/\/jovicadjurdjic.com\/index.php?rest_route=%2Fwp%2Fv2%2Fcomments&post=8"}],"version-history":[{"count":47,"href":"https:\/\/jovicadjurdjic.com\/index.php?rest_route=\/wp\/v2\/pages\/8\/revisions"}],"predecessor-version":[{"id":2995,"href":"https:\/\/jovicadjurdjic.com\/index.php?rest_route=\/wp\/v2\/pages\/8\/revisions\/2995"}],"wp:attachment":[{"href":"https:\/\/jovicadjurdjic.com\/index.php?rest_route=%2Fwp%2Fv2%2Fmedia&parent=8"}],"curies":[{"name":"wp","href":"https:\/\/api.w.org\/{rel}","templated":true}]}}